{"id":46,"date":"2024-09-22T18:02:41","date_gmt":"2024-09-22T18:02:41","guid":{"rendered":"https:\/\/masbla.com\/wp\/?page_id=46"},"modified":"2024-09-22T18:02:41","modified_gmt":"2024-09-22T18:02:41","slug":"politica-de-privacidad","status":"publish","type":"page","link":"https:\/\/masbla.com\/wp\/politica-de-privacidad\/","title":{"rendered":"Pol\u00edtica de Privacidad"},"content":{"rendered":"\n<p><strong>Pol\u00edtica de Privacidad<\/strong><\/p>\n\n\n\n<h3 class=\"wp-block-heading\">1. &nbsp; Tus datos personales<\/h3>\n\n\n\n<p>La web de <strong>masbla<\/strong> est\u00e1 dise\u00f1ada para proteger tu informaci\u00f3n personal.<\/p>\n\n\n\n<p>A trav\u00e9s de esta web, podr\u00e1s comunicarnos tus datos personales mediante el enlace E-mail y el n\u00famero de tel\u00e9fono que encontrar\u00e1s en la p\u00e1gina. Los datos que se registrar\u00e1n autom\u00e1ticamente son:<\/p>\n\n\n\n<ul class=\"wp-block-list\">\n<li>E-mail: tu direcci\u00f3n de correo electr\u00f3nico<\/li>\n\n\n\n<li>Tel\u00e9fono: tu n\u00famero de tel\u00e9fono, a menos que lo tengas oculto<\/li>\n<\/ul>\n\n\n\n<p>A trav\u00e9s de los archivos de registro del servidor, se registra tu \u00abDirecci\u00f3n IP\u00bb, que es un n\u00famero que se asigna autom\u00e1ticamente al ordenador o dispositivo que est\u00e1s utilizando por tu proveedor de servicios de Internet (ISP). Una direcci\u00f3n IP se identifica y registra autom\u00e1ticamente en nuestros archivos de registro del servidor cada vez que un usuario visita los sitios web, junto con el momento de la visita y la(s) p\u00e1gina(s) que ha visitado.<\/p>\n\n\n\n<p>Los dem\u00e1s datos personales que podamos recopilar por estos medios de comunicaci\u00f3n son los que voluntariamente nos facilites. No utilizamos cookies ni ninguna otra forma de seguimiento.<\/p>\n\n\n\n<p>En el proceso de inscripci\u00f3n, recogemos los datos necesarios para establecer la relaci\u00f3n comercial y acad\u00e9mica: nombre, apellidos, direcci\u00f3n, tel\u00e9fono(s), fecha de nacimiento, NIF (en el caso de menores, nombre, apellidos y NIF de uno de los padres o tutor), y en el caso de cursos online, tu identificaci\u00f3n de usuario del medio utilizado.<\/p>\n\n\n\n<p>Podemos recibir algunos de estos datos a trav\u00e9s de terceros, por ejemplo, otros clientes.<\/p>\n\n\n\n<p>Recibiremos tus datos bancarios si realizas un pago a trav\u00e9s del banco.<\/p>\n\n\n\n<h3 class=\"wp-block-heading\">2. &nbsp; Responsable del tratamiento datos<\/h3>\n\n\n\n<ul class=\"wp-block-list\">\n<li>Identidad: Mark-Robert Blazek Wrzeszcz- NIF: 42390422L<\/li>\n\n\n\n<li>Tel. +34-680375543<\/li>\n\n\n\n<li>Correo electr\u00f3nico: <a href=\"mailto:info@masbla.com?subject=masbla info\">info@masbla.com<\/a><\/li>\n<\/ul>\n\n\n\n<p><strong>3. &nbsp; Fines de tratamiento de tus datos<\/strong><\/p>\n\n\n\n<p>Utilizamos tus datos personales para establecer y gestionar la relaci\u00f3n comercial y acad\u00e9mica, por ejemplo, para la formaci\u00f3n y gesti\u00f3n de grupos, la facturaci\u00f3n, la emisi\u00f3n de recibos. Tambi\u00e9n podemos utilizar tus datos de contacto para enviarte informaci\u00f3n puntual sobre nuestros cursos y servicios.<\/p>\n\n\n\n<p><strong>4. &nbsp; Protecci\u00f3n de tus datos<\/strong><\/p>\n\n\n\n<p>Procuramos proteger la informaci\u00f3n de car\u00e1cter personal contra p\u00e9rdida, mal uso, alteraci\u00f3n o destrucci\u00f3n.<\/p>\n\n\n\n<p>En determinados medios de comunicaci\u00f3n utilizados para los cursos online, tu identificaci\u00f3n de usuario puede ser visible para otros miembros del mismo grupo.<\/p>\n\n\n\n<p>No divulgamos tus datos personales ni los comunicamos a terceros excepto para gestionar tu matr\u00edcula con centros examinadores y similares o en caso de requerimiento oficial ineludible.<\/p>\n\n\n\n<p>Tus datos ser\u00e1n conservados por un tiempo indeterminado, hasta que nos solicites su supresi\u00f3n.<\/p>\n\n\n\n<p><strong>5.&nbsp;&nbsp; Tus derechos<\/strong><\/p>\n\n\n\n<p>Tienes derecho a obtener confirmaci\u00f3n sobre si estamos tratando datos personales que te conciernen.<\/p>\n\n\n\n<p>Tienes derecho a acceder a tus datos personales, as\u00ed como a solicitar la rectificaci\u00f3n de los datos inexactos o, en su caso, solicitar su supresi\u00f3n cuando, entre otros motivos, los datos ya no sean necesarios para los fines para los que fueron recogidos. \u00danicamente los conservaremos para el ejercicio o la defensa de reclamaciones.<\/p>\n\n\n\n<p>En determinadas circunstancias y por motivos relacionados con tu situaci\u00f3n particular, podr\u00e1s oponerte al tratamiento de tus datos. Dejaremos de tratar los datos, salvo por motivos leg\u00edtimos imperiosos, o el ejercicio o la defensa de posibles reclamaciones.<\/p>\n\n\n\n<p>Para ejercer tus derechos de acceso, rectificaci\u00f3n, limitaci\u00f3n, portabilidad y oposici\u00f3n al tratamiento de tus datos personales, solo tienes que enviar un correo electr\u00f3nico con tu solicitud a la direcci\u00f3n email arriba indicada.<\/p>\n","protected":false},"excerpt":{"rendered":"<p>Pol\u00edtica de Privacidad 1. &nbsp; Tus datos personales La web de masbla est\u00e1 dise\u00f1ada para proteger tu informaci\u00f3n personal. A trav\u00e9s de esta web, podr\u00e1s comunicarnos tus datos personales mediante el enlace E-mail y el n\u00famero de tel\u00e9fono que encontrar\u00e1s en la p\u00e1gina. Los datos que se registrar\u00e1n autom\u00e1ticamente son: A trav\u00e9s de los archivos [&hellip;]<\/p>\n","protected":false},"author":1,"featured_media":0,"parent":0,"menu_order":0,"comment_status":"closed","ping_status":"closed","template":"","meta":{"footnotes":""},"class_list":["post-46","page","type-page","status-publish","hentry"],"jetpack_sharing_enabled":true,"_links":{"self":[{"href":"https:\/\/masbla.com\/wp\/wp-json\/wp\/v2\/pages\/46","targetHints":{"allow":["GET"]}}],"collection":[{"href":"https:\/\/masbla.com\/wp\/wp-json\/wp\/v2\/pages"}],"about":[{"href":"https:\/\/masbla.com\/wp\/wp-json\/wp\/v2\/types\/page"}],"author":[{"embeddable":true,"href":"https:\/\/masbla.com\/wp\/wp-json\/wp\/v2\/users\/1"}],"replies":[{"embeddable":true,"href":"https:\/\/masbla.com\/wp\/wp-json\/wp\/v2\/comments?post=46"}],"version-history":[{"count":1,"href":"https:\/\/masbla.com\/wp\/wp-json\/wp\/v2\/pages\/46\/revisions"}],"predecessor-version":[{"id":47,"href":"https:\/\/masbla.com\/wp\/wp-json\/wp\/v2\/pages\/46\/revisions\/47"}],"wp:attachment":[{"href":"https:\/\/masbla.com\/wp\/wp-json\/wp\/v2\/media?parent=46"}],"curies":[{"name":"wp","href":"https:\/\/api.w.org\/{rel}","templated":true}]}}